{"id":302,"date":"2024-12-17T09:55:17","date_gmt":"2024-12-17T08:55:17","guid":{"rendered":"https:\/\/przedszkole-szczecin.pl\/?page_id=302"},"modified":"2024-12-17T10:25:00","modified_gmt":"2024-12-17T09:25:00","slug":"polityka-prywatnosci","status":"publish","type":"page","link":"https:\/\/przedszkole-szczecin.pl\/index.php\/polityka-prywatnosci\/","title":{"rendered":"polityka prywatnosci"},"content":{"rendered":"\n<p><\/p>\n\n\n\n<p>Korzystanie z\u00a0naszej strony oznacza akceptacj\u0119 zasad Polityki Prywatno\u015bci i\u00a0Cookies<\/p>\n\n\n\n<p>Niniejszy dokument okre\u015bla zasady polityki prywatno\u015bci i\u00a0plik\u00f3w cookies, obowi\u0105zuj\u0105ce na stronie internetowej przedszkole-szczecin.pl<\/p>\n\n\n\n<p>1.&nbsp;<strong>DEFINICJE<\/strong><\/p>\n\n\n\n<p>1.0\u00a0\u00a0 Niepubliczne Przedszkole Kwiatuszek 70-234 Szczecin, ul.Potulicka 29<\/p>\n\n\n\n<p>1.1\u00a0\u00a0 \u00a0Serwis \u2013 oznacza stron\u0119 internetow\u0105 maj\u0105c\u0105 charakter wy\u0142\u0105cznie informacyjny umieszczon\u0105 pod adresem www.przedszkole-szczecin.pl<\/p>\n\n\n\n<p>1.2\u00a0\u00a0 \u00a0U\u017cytkownik\u00a0\u2013 oznacza ka\u017cd\u0105 osob\u0119 korzystaj\u0105c\u0105 w\u00a0jakikolwiek spos\u00f3b z naszej strony<\/p>\n\n\n\n<p>1.3\u00a0\u00a0 \u00a0Cookies\u00a0\u2013 oznacza dane informatyczne w\u00a0formie plik\u00f3w tekstowych, zapisywane na dysku komputera U\u017cytkownika za pomoc\u0105 przegl\u0105darki internetowej. W\u00a0plikach cookies nie s\u0105 gromadzone dane osobowe, lecz informacje takie jak: nazwa strony internetowej, z\u00a0kt\u00f3rej pochodz\u0105 Cookies, czas przechowywania ich na urz\u0105dzeniu ko\u0144cowym oraz unikalny numer.<\/p>\n\n\n\n<p>1.4\u00a0\u00a0 \u00a0Dane Osobowe\u00a0\u2013 oznacza dane osobowe w\u00a0rozumieniu ustawy z\u00a0dnia 29 sierpnia 1997\u00a0r. o\u00a0ochronie danych osobowych (Dz. U. z\u00a02002r., Nr 101, poz. 926 z\u00a0p\u00f3\u017an. zm.)<\/p>\n\n\n\n<p><strong>2. POLITYKA COOKIES<\/strong><\/p>\n\n\n\n<p>2.0\u00a0\u00a0 \u00a0Serwis nie zbiera \u017cadnych informacji, za wyj\u0105tkiem informacji zawartych w\u00a0Cookies.<\/p>\n\n\n\n<p>2.1\u00a0\u00a0 \u00a0Podmiotem zamieszczaj\u0105cym Cookies na urz\u0105dzeniu ko\u0144cowym U\u017cytkownika oraz uzyskuj\u0105cym do nich dost\u0119p jest Niepubliczne Przedszkole Kwiatuszek<\/p>\n\n\n\n<p>2.2\u00a0\u00a0 \u00a0Cookies wykorzystywane s\u0105 wy\u0142\u0105cznie przez Niepubliczne Przedszkole Kwiatuszek. W\u00a0Serwisie nie s\u0105 zamieszczane Cookies pochodz\u0105ce od podmiot\u00f3w trzecich\u00a0 z\u00a0zastrze\u017ceniem pkt 2.4.0.<\/p>\n\n\n\n<p>2.3\u00a0\u00a0 \u00a0Cookies w\u00a0Serwisie s\u0105 wykorzystywane:<\/p>\n\n\n\n<p>2.3.1.\u00a0\u00a0 \u00a0W celach statystycznych (Google Analytics) \u2013 statystyki tworzone przy pomocy Cookies pomagaj\u0105 zrozumie\u0107, w\u00a0jaki spos\u00f3b U\u017cytkownicy korzystaj\u0105 ze stron internetowych, co umo\u017cliwia ulepszanie ich struktury i\u00a0zawarto\u015bci;<\/p>\n\n\n\n<p>2.4\u00a0Celem usprawnienia nawigacji \u2013 Cookies s\u0142u\u017c\u0105 optymalizacji korzystania ze stron internetowych; pozwalaj\u0105 rozpozna\u0107 urz\u0105dzenie U\u017cytkownika Serwisu i\u00a0odpowiednio wy\u015bwietli\u0107 stron\u0119 internetow\u0105, dostosowan\u0105 do jego indywidualnych potrzeb.<\/p>\n\n\n\n<p>2.5&nbsp;&nbsp; &nbsp;Serwis stosuje nast\u0119puj\u0105ce rodzaje Cookies:<\/p>\n\n\n\n<p>2.5.1.\u00a0\u00a0 \u00a0Cookies funkcjonalne \u2013 zapami\u0119tuj\u0105 wybory dokonywane przez u\u017cytkownika (jak np. region pochodzenia)<br>i zapewniaj\u0105 mo\u017cliwo\u015bci dopasowane do u\u017cytkownika. S\u0142u\u017c\u0105 do zapami\u0119tywania zmian dokonywanych przez u\u017cytkownika w\u00a0zakresie wielko\u015bci i\u00a0rodzaju czcionki,<br>a tak\u017ce innych cz\u0119\u015bci stron internetowych, kt\u00f3re u\u017cytkownik mo\u017ce dostosowywa\u0107 do swoich potrzeb. Mog\u0105 r\u00f3wnie\u017c zapewnia\u0107 takie us\u0142ugi potrzebne u\u017cytkownikowi jak ogl\u0105danie film\u00f3w lub komentowanie na blogu. Informacje, kt\u00f3re gromadz\u0105, mog\u0105 zosta\u0107 zachowane jako anonimowe. Pliki te nie mog\u0105 \u015bledzi\u0107 innych stron internetowych przegl\u0105danych przez u\u017cytkownika. zwi\u0105zane z\u00a0technicznym dzia\u0142aniem Serwisu na urz\u0105dzeniu ko\u0144cowym U\u017cytkownika;<\/p>\n\n\n\n<p>2.5.2.\u00a0\u00a0 \u00a0Cookies poprawiaj\u0105ce wydajno\u015b\u0107 \u2013 gromadz\u0105 informacje o\u00a0tym, jak U\u017cytkownik korzysta ze stron internetowych, np. kt\u00f3re strony odwiedza najcz\u0119\u015bciej lub czy otrzymuje komunikaty o\u00a0b\u0142\u0119dzie. Wszystkie zbierane informacje s\u0105 anonimowe. Ich zadaniem jest podniesienie wydajno\u015bci dzia\u0142ania stron internetowych. Nie zbieraj\u0105 one informacji identyfikuj\u0105cych u\u017cytkownika. <\/p>\n\n\n\n<p>2.5.3.\u00a0\u00a0 \u00a0Cookies niezb\u0119dne \u2013 s\u0105 one konieczne do umo\u017cliwienia U\u017cytkownikowi poruszania si\u0119 po stronach internetowych i\u00a0korzystania z\u00a0ich funkcji. Tego rodzaju pliki cookie nie zbieraj\u0105 \u017cadnych informacji o\u00a0U\u017cytkowniku, kt\u00f3re mog\u0142yby zosta\u0107 wykorzystane w\u00a0celach marketingowych, ani nie zapami\u0119tuj\u0105 miejsc odwiedzanych przez u\u017cytkownika<br>w Internecie.<\/p>\n\n\n\n<p>2.5.4.\u00a0\u00a0 \u00a0Cookies do reklam \u2013 s\u0105 wykorzystywane do prezentowania reklam lub wiadomo\u015bci dopasowanych do u\u017cytkownika i\u00a0jego zainteresowa\u0144. Niekiedy, pliki cookie do targetowania reklam s\u0105 po\u0142\u0105czone z\u00a0innymi serwisami internetowymi, jak np. Facebook.<\/p>\n\n\n\n<p>2.5.5.&nbsp;&nbsp; &nbsp;Cookies sta\u0142e \u2013 przechowywane s\u0105 w&nbsp;urz\u0105dzeniu ko\u0144cowym U\u017cytkownika przez czas okre\u015blony w&nbsp;parametrach plik\u00f3w cookies lub do czasu ich usuni\u0119cia przez U\u017cytkownika.<\/p>\n\n\n\n<p>2.5.6.&nbsp;&nbsp; &nbsp;Cookies sesyjne \u2013 przechowywane s\u0105 w&nbsp;urz\u0105dzeniu ko\u0144cowym U\u017cytkownika do czasu wylogowania, opuszczenia strony internetowej lub wy\u0142\u0105czenia oprogramowania (przegl\u0105darki internetowej).<\/p>\n\n\n\n<p>2.6.&nbsp;&nbsp; &nbsp;W wielu przypadkach oprogramowanie s\u0142u\u017c\u0105ce do przegl\u0105dania stron internetowych (przegl\u0105darka internetowa) domy\u015blnie dopuszcza przechowywanie Cookies w&nbsp;urz\u0105dzeniu ko\u0144cowym U\u017cytkownika. U\u017cytkownicy mog\u0105 dokona\u0107 w&nbsp;ka\u017cdym czasie zmiany ustawie\u0144 dotycz\u0105cych Cookies. Ustawienia te mog\u0105 zosta\u0107 zmienione w&nbsp;szczeg\u00f3lno\u015bci w&nbsp;taki spos\u00f3b, aby blokowa\u0107 automatyczn\u0105 obs\u0142ug\u0119 Cookies w&nbsp;ustawieniach przegl\u0105darki internetowej b\u0105d\u017a informowa\u0107 o&nbsp;ich ka\u017cdorazowym zamieszczeniu w&nbsp;urz\u0105dzeniu U\u017cytkownika.<\/p>\n\n\n\n<p>2.7.\u00a0\u00a0 \u00a0Wi\u0119cej informacji na temat Cookies dost\u0119pnych jest w\u00a0menu pomocy Pa\u0144stwa przegl\u0105darki <\/p>\n\n\n\n<p>2.1. Niepubliczne Przedszkole Kwiatuszek\u00a0\u00a0informuje, \u017ce ograniczenia stosowania plik\u00f3w cookies mog\u0105 wp\u0142yn\u0105\u0107 na niekt\u00f3re funkcjonalno\u015bci dost\u0119pne na stronach internetowych Serwisu.<\/p>\n\n\n\n<p>2.2.\u00a0\u00a0 \u00a0Cookies zamieszczane w\u00a0urz\u0105dzeniu ko\u0144cowym U\u017cytkownika wykorzystywane mog\u0105 by\u0107 tak\u017ce przez wsp\u00f3\u0142pracuj\u0105cych z\u00a0Niepublicznym Przedszkolem Kwiatuszek\u00a0\u00a0reklamodawc\u00f3w oraz partner\u00f3w.<\/p>\n\n\n\n<p>2.3.\u00a0\u00a0 \u00a0Serwis\u00a0 mo\u017ce zawiera\u0107\u00a0 przekierowania do innych serwis\u00f3w internetowych (Facebook). Nie odpowiadamy za zasady polityki prywatno\u015bci obowi\u0105zuj\u0105ce na innych stronach internetowych.<\/p>\n\n\n\n<p><strong>&nbsp; 3. POLITYKA PRYWATNO\u015aCI<\/strong><\/p>\n\n\n\n<p><\/p>\n\n\n\n<p>3.1\u00a0\u00a0Niepubliczne Przedszkole Kwiatuszek\u00a0nie przekazuje i\u00a0nie dokonuje obrotu Danymi Osobowymi U\u017cytkownik\u00f3w podmiotom trzecim. Przetwarzane przez Niepubliczne Przedszkole Kwiatuszek\u00a0\u00a0Dane Osobowe U\u017cytkownik\u00f3w mog\u0105 zosta\u0107 udost\u0119pnione uprawnionym organom pa\u0144stwa na ich \u017c\u0105danie.<\/p>\n\n\n\n<p>3.2\u00a0\u00a0 \u00a0Polityka Prywatno\u015bci i\u00a0Cookies mo\u017ce ulega\u0107 zmianom. Wszelkie zmiany jej dotycz\u0105ce b\u0119d\u0105 publikowane na niniejszej stronie.<\/p>\n\n\n\n<p><\/p>\n\n\n\n<p><\/p>\n","protected":false},"excerpt":{"rendered":"<p>Korzystanie z\u00a0naszej strony oznacza akceptacj\u0119 zasad Polityki Prywatno\u015bci i\u00a0Cookies Niniejszy dokument okre\u015bla zasady polityki prywatno\u015bci [&hellip;]<\/p>\n","protected":false},"author":1,"featured_media":0,"parent":0,"menu_order":0,"comment_status":"closed","ping_status":"closed","template":"","meta":{"_seopress_robots_primary_cat":"","_seopress_titles_title":"","_seopress_titles_desc":"","_seopress_robots_index":"","_kadence_starter_templates_imported_post":false,"footnotes":""},"class_list":["post-302","page","type-page","status-publish","hentry"],"_links":{"self":[{"href":"https:\/\/przedszkole-szczecin.pl\/index.php\/wp-json\/wp\/v2\/pages\/302","targetHints":{"allow":["GET"]}}],"collection":[{"href":"https:\/\/przedszkole-szczecin.pl\/index.php\/wp-json\/wp\/v2\/pages"}],"about":[{"href":"https:\/\/przedszkole-szczecin.pl\/index.php\/wp-json\/wp\/v2\/types\/page"}],"author":[{"embeddable":true,"href":"https:\/\/przedszkole-szczecin.pl\/index.php\/wp-json\/wp\/v2\/users\/1"}],"replies":[{"embeddable":true,"href":"https:\/\/przedszkole-szczecin.pl\/index.php\/wp-json\/wp\/v2\/comments?post=302"}],"version-history":[{"count":3,"href":"https:\/\/przedszkole-szczecin.pl\/index.php\/wp-json\/wp\/v2\/pages\/302\/revisions"}],"predecessor-version":[{"id":308,"href":"https:\/\/przedszkole-szczecin.pl\/index.php\/wp-json\/wp\/v2\/pages\/302\/revisions\/308"}],"wp:attachment":[{"href":"https:\/\/przedszkole-szczecin.pl\/index.php\/wp-json\/wp\/v2\/media?parent=302"}],"curies":[{"name":"wp","href":"https:\/\/api.w.org\/{rel}","templated":true}]}}